{"id":107,"date":"2025-12-27T16:34:22","date_gmt":"2025-12-27T15:34:22","guid":{"rendered":"http:\/\/mathelot17.pro\/?page_id=107"},"modified":"2026-01-25T16:22:31","modified_gmt":"2026-01-25T15:22:31","slug":"mathelot17","status":"publish","type":"page","link":"https:\/\/mathelot17.pro\/index.php\/mathelot17\/","title":{"rendered":"Mathelot17"},"content":{"rendered":"<hr \/>\n<p>&nbsp;<\/p>\n<p><img fetchpriority=\"high\" decoding=\"async\" class=\"aligncenter wp-image-136\" src=\"http:\/\/mathelot17.pro\/wp-content\/uploads\/2025\/12\/Image2-2-350x350.png\" alt=\"\" width=\"259\" height=\"259\" srcset=\"https:\/\/mathelot17.pro\/wp-content\/uploads\/2025\/12\/Image2-2-350x350.png 350w, https:\/\/mathelot17.pro\/wp-content\/uploads\/2025\/12\/Image2-2-300x300.png 300w, https:\/\/mathelot17.pro\/wp-content\/uploads\/2025\/12\/Image2-2-100x100.png 100w, https:\/\/mathelot17.pro\/wp-content\/uploads\/2025\/12\/Image2-2-600x602.png 600w, https:\/\/mathelot17.pro\/wp-content\/uploads\/2025\/12\/Image2-2-150x150.png 150w, https:\/\/mathelot17.pro\/wp-content\/uploads\/2025\/12\/Image2-2.png 679w\" sizes=\"(max-width: 259px) 100vw, 259px\" \/><\/p>\n<p><img decoding=\"async\" class=\" wp-image-142 alignleft\" src=\"http:\/\/mathelot17.pro\/wp-content\/uploads\/2025\/12\/Image1-1-306x350.jpg\" alt=\"\" width=\"220\" height=\"252\" srcset=\"https:\/\/mathelot17.pro\/wp-content\/uploads\/2025\/12\/Image1-1-306x350.jpg 306w, https:\/\/mathelot17.pro\/wp-content\/uploads\/2025\/12\/Image1-1.jpg 399w\" sizes=\"(max-width: 220px) 100vw, 220px\" \/><\/p>\n<p>&nbsp;<\/p>\n<p>&nbsp;<\/p>\n<h1 style=\"text-align: center;\"><span style=\"color: #0000ff;\">COURS PARTICULIERS DE MATHEMATIQUES<\/span><\/h1>\n<h1 style=\"text-align: center;\"><span style=\"color: #339966;\"><b>\u00a0en distanciel<\/b><\/span><\/h1>\n<h2 style=\"text-align: center;\"><span style=\"color: #000000;\"><em>A vos c\u00f4t\u00e9s<\/em><\/span><\/h2>\n<h2 style=\"text-align: center;\"><span style=\"color: #000000;\"><em><b>\u00a0 \u00a0 \u00a0 \u00a0 \u00a0 \u00a0 \u00a0 \u00a0 \u00a0 \u00a0 \u00a0 \u00a0 \u00a0 \u00a0 \u00a0 \u00a0 \u00a0 \u00a0 \u00a0 \u00a0 Pour <\/b><b>am\u00e9liorer<\/b><b>, <\/b><b>assimiler<\/b><b> et d\u00e9velopper <\/b><b>vos<\/b> <b>comp\u00e9tences<\/b><b> math\u00e9matiques<\/b><\/em><\/span><\/h2>\n<h2 style=\"text-align: center;\"><span style=\"color: #000000;\"><em><b>\u00a0 \u00a0 \u00a0 \u00a0 \u00a0 \u00a0 \u00a0 \u00a0 \u00a0 \u00a0 \u00a0 \u00a0 \u00a0 \u00a0 \u00a0 \u00a0 \u00a0 \u00a0 \u00a0 Une solution <\/b><b>adapt\u00e9e<\/b><b> pour vous <\/b><b>accompagner<\/b> <b>durant<\/b> <b>l&rsquo;ann\u00e9e<\/b> <b>scolaire<\/b><\/em><\/span><\/h2>\n","protected":false},"excerpt":{"rendered":"<p>&nbsp; &nbsp; &nbsp; COURS PARTICULIERS DE MATHEMATIQUES \u00a0en distanciel A vos c\u00f4t\u00e9s \u00a0 \u00a0 \u00a0 \u00a0 \u00a0 \u00a0 \u00a0 \u00a0 \u00a0 \u00a0 \u00a0 \u00a0 \u00a0 \u00a0 \u00a0 \u00a0 \u00a0 \u00a0 \u00a0 \u00a0 Pour am\u00e9liorer, assimiler et d\u00e9velopper vos comp\u00e9tences math\u00e9matiques \u00a0 \u00a0 \u00a0 \u00a0 \u00a0 \u00a0 \u00a0 \u00a0 \u00a0 \u00a0 \u00a0 \u00a0 \u00a0 \u00a0 \u00a0 [&hellip;]<\/p>\n","protected":false},"author":1,"featured_media":0,"parent":0,"menu_order":0,"comment_status":"closed","ping_status":"closed","template":"","meta":{"_crdt_document":"","footnotes":""},"class_list":["post-107","page","type-page","status-publish","hentry"],"yoast_head":"<!-- This site is optimized with the Yoast SEO plugin v26.6 - https:\/\/yoast.com\/wordpress\/plugins\/seo\/ -->\n<title>Mathelot17 - mathelot17<\/title>\n<meta name=\"robots\" content=\"index, follow, max-snippet:-1, max-image-preview:large, max-video-preview:-1\" \/>\n<link rel=\"canonical\" href=\"http:\/\/mathelot17.pro\/index.php\/mathelot17\/\" \/>\n<meta property=\"og:locale\" content=\"fr_FR\" \/>\n<meta property=\"og:type\" content=\"article\" \/>\n<meta property=\"og:title\" content=\"Mathelot17 - mathelot17\" \/>\n<meta property=\"og:description\" content=\"&nbsp; &nbsp; &nbsp; COURS PARTICULIERS DE MATHEMATIQUES \u00a0en distanciel A vos c\u00f4t\u00e9s \u00a0 \u00a0 \u00a0 \u00a0 \u00a0 \u00a0 \u00a0 \u00a0 \u00a0 \u00a0 \u00a0 \u00a0 \u00a0 \u00a0 \u00a0 \u00a0 \u00a0 \u00a0 \u00a0 \u00a0 Pour am\u00e9liorer, assimiler et d\u00e9velopper vos comp\u00e9tences math\u00e9matiques \u00a0 \u00a0 \u00a0 \u00a0 \u00a0 \u00a0 \u00a0 \u00a0 \u00a0 \u00a0 \u00a0 \u00a0 \u00a0 \u00a0 \u00a0 [&hellip;]\" \/>\n<meta property=\"og:url\" content=\"http:\/\/mathelot17.pro\/index.php\/mathelot17\/\" \/>\n<meta property=\"og:site_name\" content=\"mathelot17\" \/>\n<meta property=\"article:modified_time\" content=\"2026-01-25T15:22:31+00:00\" \/>\n<meta property=\"og:image\" content=\"http:\/\/mathelot17.pro\/wp-content\/uploads\/2025\/12\/Image2-2-350x350.png\" \/>\n<meta name=\"twitter:card\" content=\"summary_large_image\" \/>\n<meta name=\"twitter:label1\" content=\"Dur\u00e9e de lecture estim\u00e9e\" \/>\n\t<meta name=\"twitter:data1\" content=\"1 minute\" \/>\n<script type=\"application\/ld+json\" class=\"yoast-schema-graph\">{\"@context\":\"https:\/\/schema.org\",\"@graph\":[{\"@type\":\"WebPage\",\"@id\":\"http:\/\/mathelot17.pro\/index.php\/mathelot17\/\",\"url\":\"http:\/\/mathelot17.pro\/index.php\/mathelot17\/\",\"name\":\"Mathelot17 - mathelot17\",\"isPartOf\":{\"@id\":\"http:\/\/mathelot17.pro\/#website\"},\"primaryImageOfPage\":{\"@id\":\"http:\/\/mathelot17.pro\/index.php\/mathelot17\/#primaryimage\"},\"image\":{\"@id\":\"http:\/\/mathelot17.pro\/index.php\/mathelot17\/#primaryimage\"},\"thumbnailUrl\":\"http:\/\/mathelot17.pro\/wp-content\/uploads\/2025\/12\/Image2-2-350x350.png\",\"datePublished\":\"2025-12-27T15:34:22+00:00\",\"dateModified\":\"2026-01-25T15:22:31+00:00\",\"breadcrumb\":{\"@id\":\"http:\/\/mathelot17.pro\/index.php\/mathelot17\/#breadcrumb\"},\"inLanguage\":\"fr-FR\",\"potentialAction\":[{\"@type\":\"ReadAction\",\"target\":[\"http:\/\/mathelot17.pro\/index.php\/mathelot17\/\"]}]},{\"@type\":\"ImageObject\",\"inLanguage\":\"fr-FR\",\"@id\":\"http:\/\/mathelot17.pro\/index.php\/mathelot17\/#primaryimage\",\"url\":\"https:\/\/mathelot17.pro\/wp-content\/uploads\/2025\/12\/Image2-2.png\",\"contentUrl\":\"https:\/\/mathelot17.pro\/wp-content\/uploads\/2025\/12\/Image2-2.png\",\"width\":679,\"height\":681},{\"@type\":\"BreadcrumbList\",\"@id\":\"http:\/\/mathelot17.pro\/index.php\/mathelot17\/#breadcrumb\",\"itemListElement\":[{\"@type\":\"ListItem\",\"position\":1,\"name\":\"Accueil\",\"item\":\"http:\/\/mathelot17.pro\/\"},{\"@type\":\"ListItem\",\"position\":2,\"name\":\"Mathelot17\"}]},{\"@type\":\"WebSite\",\"@id\":\"http:\/\/mathelot17.pro\/#website\",\"url\":\"http:\/\/mathelot17.pro\/\",\"name\":\"mathelot17\",\"description\":\"un site pour am\u00e9liorer vos comp\u00e9tences en math\u00e9matiques\",\"publisher\":{\"@id\":\"http:\/\/mathelot17.pro\/#organization\"},\"potentialAction\":[{\"@type\":\"SearchAction\",\"target\":{\"@type\":\"EntryPoint\",\"urlTemplate\":\"http:\/\/mathelot17.pro\/?s={search_term_string}\"},\"query-input\":{\"@type\":\"PropertyValueSpecification\",\"valueRequired\":true,\"valueName\":\"search_term_string\"}}],\"inLanguage\":\"fr-FR\"},{\"@type\":\"Organization\",\"@id\":\"http:\/\/mathelot17.pro\/#organization\",\"name\":\"mathelot17\",\"url\":\"http:\/\/mathelot17.pro\/\",\"logo\":{\"@type\":\"ImageObject\",\"inLanguage\":\"fr-FR\",\"@id\":\"http:\/\/mathelot17.pro\/#\/schema\/logo\/image\/\",\"url\":\"https:\/\/mathelot17.pro\/wp-content\/uploads\/2025\/12\/cropped-cropped-Image1-3.png\",\"contentUrl\":\"https:\/\/mathelot17.pro\/wp-content\/uploads\/2025\/12\/cropped-cropped-Image1-3.png\",\"width\":606,\"height\":639,\"caption\":\"mathelot17\"},\"image\":{\"@id\":\"http:\/\/mathelot17.pro\/#\/schema\/logo\/image\/\"}}]}<\/script>\n<!-- \/ Yoast SEO plugin. -->","yoast_head_json":{"title":"Mathelot17 - mathelot17","robots":{"index":"index","follow":"follow","max-snippet":"max-snippet:-1","max-image-preview":"max-image-preview:large","max-video-preview":"max-video-preview:-1"},"canonical":"http:\/\/mathelot17.pro\/index.php\/mathelot17\/","og_locale":"fr_FR","og_type":"article","og_title":"Mathelot17 - mathelot17","og_description":"&nbsp; &nbsp; &nbsp; COURS PARTICULIERS DE MATHEMATIQUES \u00a0en distanciel A vos c\u00f4t\u00e9s \u00a0 \u00a0 \u00a0 \u00a0 \u00a0 \u00a0 \u00a0 \u00a0 \u00a0 \u00a0 \u00a0 \u00a0 \u00a0 \u00a0 \u00a0 \u00a0 \u00a0 \u00a0 \u00a0 \u00a0 Pour am\u00e9liorer, assimiler et d\u00e9velopper vos comp\u00e9tences math\u00e9matiques \u00a0 \u00a0 \u00a0 \u00a0 \u00a0 \u00a0 \u00a0 \u00a0 \u00a0 \u00a0 \u00a0 \u00a0 \u00a0 \u00a0 \u00a0 [&hellip;]","og_url":"http:\/\/mathelot17.pro\/index.php\/mathelot17\/","og_site_name":"mathelot17","article_modified_time":"2026-01-25T15:22:31+00:00","og_image":[{"url":"http:\/\/mathelot17.pro\/wp-content\/uploads\/2025\/12\/Image2-2-350x350.png","type":"","width":"","height":""}],"twitter_card":"summary_large_image","twitter_misc":{"Dur\u00e9e de lecture estim\u00e9e":"1 minute"},"schema":{"@context":"https:\/\/schema.org","@graph":[{"@type":"WebPage","@id":"http:\/\/mathelot17.pro\/index.php\/mathelot17\/","url":"http:\/\/mathelot17.pro\/index.php\/mathelot17\/","name":"Mathelot17 - mathelot17","isPartOf":{"@id":"http:\/\/mathelot17.pro\/#website"},"primaryImageOfPage":{"@id":"http:\/\/mathelot17.pro\/index.php\/mathelot17\/#primaryimage"},"image":{"@id":"http:\/\/mathelot17.pro\/index.php\/mathelot17\/#primaryimage"},"thumbnailUrl":"http:\/\/mathelot17.pro\/wp-content\/uploads\/2025\/12\/Image2-2-350x350.png","datePublished":"2025-12-27T15:34:22+00:00","dateModified":"2026-01-25T15:22:31+00:00","breadcrumb":{"@id":"http:\/\/mathelot17.pro\/index.php\/mathelot17\/#breadcrumb"},"inLanguage":"fr-FR","potentialAction":[{"@type":"ReadAction","target":["http:\/\/mathelot17.pro\/index.php\/mathelot17\/"]}]},{"@type":"ImageObject","inLanguage":"fr-FR","@id":"http:\/\/mathelot17.pro\/index.php\/mathelot17\/#primaryimage","url":"https:\/\/mathelot17.pro\/wp-content\/uploads\/2025\/12\/Image2-2.png","contentUrl":"https:\/\/mathelot17.pro\/wp-content\/uploads\/2025\/12\/Image2-2.png","width":679,"height":681},{"@type":"BreadcrumbList","@id":"http:\/\/mathelot17.pro\/index.php\/mathelot17\/#breadcrumb","itemListElement":[{"@type":"ListItem","position":1,"name":"Accueil","item":"http:\/\/mathelot17.pro\/"},{"@type":"ListItem","position":2,"name":"Mathelot17"}]},{"@type":"WebSite","@id":"http:\/\/mathelot17.pro\/#website","url":"http:\/\/mathelot17.pro\/","name":"mathelot17","description":"un site pour am\u00e9liorer vos comp\u00e9tences en math\u00e9matiques","publisher":{"@id":"http:\/\/mathelot17.pro\/#organization"},"potentialAction":[{"@type":"SearchAction","target":{"@type":"EntryPoint","urlTemplate":"http:\/\/mathelot17.pro\/?s={search_term_string}"},"query-input":{"@type":"PropertyValueSpecification","valueRequired":true,"valueName":"search_term_string"}}],"inLanguage":"fr-FR"},{"@type":"Organization","@id":"http:\/\/mathelot17.pro\/#organization","name":"mathelot17","url":"http:\/\/mathelot17.pro\/","logo":{"@type":"ImageObject","inLanguage":"fr-FR","@id":"http:\/\/mathelot17.pro\/#\/schema\/logo\/image\/","url":"https:\/\/mathelot17.pro\/wp-content\/uploads\/2025\/12\/cropped-cropped-Image1-3.png","contentUrl":"https:\/\/mathelot17.pro\/wp-content\/uploads\/2025\/12\/cropped-cropped-Image1-3.png","width":606,"height":639,"caption":"mathelot17"},"image":{"@id":"http:\/\/mathelot17.pro\/#\/schema\/logo\/image\/"}}]}},"_links":{"self":[{"href":"https:\/\/mathelot17.pro\/index.php\/wp-json\/wp\/v2\/pages\/107","targetHints":{"allow":["GET"]}}],"collection":[{"href":"https:\/\/mathelot17.pro\/index.php\/wp-json\/wp\/v2\/pages"}],"about":[{"href":"https:\/\/mathelot17.pro\/index.php\/wp-json\/wp\/v2\/types\/page"}],"author":[{"embeddable":true,"href":"https:\/\/mathelot17.pro\/index.php\/wp-json\/wp\/v2\/users\/1"}],"replies":[{"embeddable":true,"href":"https:\/\/mathelot17.pro\/index.php\/wp-json\/wp\/v2\/comments?post=107"}],"version-history":[{"count":6,"href":"https:\/\/mathelot17.pro\/index.php\/wp-json\/wp\/v2\/pages\/107\/revisions"}],"predecessor-version":[{"id":256,"href":"https:\/\/mathelot17.pro\/index.php\/wp-json\/wp\/v2\/pages\/107\/revisions\/256"}],"wp:attachment":[{"href":"https:\/\/mathelot17.pro\/index.php\/wp-json\/wp\/v2\/media?parent=107"}],"curies":[{"name":"wp","href":"https:\/\/api.w.org\/{rel}","templated":true}]}}