{"id":110,"date":"2025-12-27T16:37:50","date_gmt":"2025-12-27T15:37:50","guid":{"rendered":"http:\/\/mathelot17.pro\/?page_id=110"},"modified":"2026-01-03T15:42:36","modified_gmt":"2026-01-03T14:42:36","slug":"qui-suis-je","status":"publish","type":"page","link":"https:\/\/mathelot17.pro\/index.php\/qui-suis-je\/","title":{"rendered":"Qui suis je ?"},"content":{"rendered":"<p><img fetchpriority=\"high\" decoding=\"async\" class=\"aligncenter size-medium wp-image-228\" src=\"http:\/\/mathelot17.pro\/wp-content\/uploads\/2026\/01\/photo-ct-263x350.jpg\" alt=\"\" width=\"263\" height=\"350\" srcset=\"https:\/\/mathelot17.pro\/wp-content\/uploads\/2026\/01\/photo-ct-263x350.jpg 263w, https:\/\/mathelot17.pro\/wp-content\/uploads\/2026\/01\/photo-ct-600x800.jpg 600w, https:\/\/mathelot17.pro\/wp-content\/uploads\/2026\/01\/photo-ct-768x1024.jpg 768w, https:\/\/mathelot17.pro\/wp-content\/uploads\/2026\/01\/photo-ct-1152x1536.jpg 1152w, https:\/\/mathelot17.pro\/wp-content\/uploads\/2026\/01\/photo-ct-1536x2048.jpg 1536w, https:\/\/mathelot17.pro\/wp-content\/uploads\/2026\/01\/photo-ct.jpg 1632w\" sizes=\"(max-width: 263px) 100vw, 263px\" \/><\/p>\n<p><img decoding=\"async\" class=\"aligncenter wp-image-64\" src=\"http:\/\/mathelot17.pro\/wp-content\/uploads\/2025\/12\/cropped-Image1-2-2.png\" alt=\"\" width=\"147\" height=\"131\" \/><\/p>\n<h1 style=\"text-align: center;\"><span style=\"color: #339966;\"><strong>PROFESSEUR DE MATHEMATIQUES EXPERIMENTE<\/strong><\/span><\/h1>\n<ul>\n<li>\n<h2><strong><span style=\"color: #0000ff;\"><em>Je donne des cours particuliers depuis plus de 30 ans pour des \u00e9l\u00e8ves de tous niveau, du coll\u00e8ge au niveau terminale.<\/em><\/span><\/strong><\/h2>\n<\/li>\n<li>\n<h2><span style=\"color: #0000ff;\"><em><strong>Je suis patient, p\u00e9dagogue et je m&rsquo;adapte au rythme de chaque personne pour assurer une compr\u00e9hension compl\u00e8te des concepts. <\/strong><\/em><\/span><\/h2>\n<\/li>\n<li>\n<h2><span style=\"color: #0000ff;\"><em><strong>Mon objectif principal est d&rsquo;aider chaque individu \u00e0 atteindre son plein potentiel en math\u00e9matiques<\/strong><\/em><\/span><\/h2>\n<\/li>\n<\/ul>\n<h2><\/h2>\n","protected":false},"excerpt":{"rendered":"<p>PROFESSEUR DE MATHEMATIQUES EXPERIMENTE Je donne des cours particuliers depuis plus de 30 ans pour des \u00e9l\u00e8ves de tous niveau, du coll\u00e8ge au niveau terminale. Je suis patient, p\u00e9dagogue et je m&rsquo;adapte au rythme de chaque personne pour assurer une compr\u00e9hension compl\u00e8te des concepts. Mon objectif principal est d&rsquo;aider chaque individu \u00e0 atteindre son plein [&hellip;]<\/p>\n","protected":false},"author":1,"featured_media":0,"parent":0,"menu_order":0,"comment_status":"closed","ping_status":"closed","template":"","meta":{"_crdt_document":"","footnotes":""},"class_list":["post-110","page","type-page","status-publish","hentry"],"yoast_head":"<!-- This site is optimized with the Yoast SEO plugin v26.6 - https:\/\/yoast.com\/wordpress\/plugins\/seo\/ -->\n<title>Qui suis je ? - mathelot17<\/title>\n<meta name=\"robots\" content=\"index, follow, max-snippet:-1, max-image-preview:large, max-video-preview:-1\" \/>\n<link rel=\"canonical\" href=\"http:\/\/mathelot17.pro\/index.php\/qui-suis-je\/\" \/>\n<meta property=\"og:locale\" content=\"fr_FR\" \/>\n<meta property=\"og:type\" content=\"article\" \/>\n<meta property=\"og:title\" content=\"Qui suis je ? - mathelot17\" \/>\n<meta property=\"og:description\" content=\"PROFESSEUR DE MATHEMATIQUES EXPERIMENTE Je donne des cours particuliers depuis plus de 30 ans pour des \u00e9l\u00e8ves de tous niveau, du coll\u00e8ge au niveau terminale. Je suis patient, p\u00e9dagogue et je m&rsquo;adapte au rythme de chaque personne pour assurer une compr\u00e9hension compl\u00e8te des concepts. Mon objectif principal est d&rsquo;aider chaque individu \u00e0 atteindre son plein [&hellip;]\" \/>\n<meta property=\"og:url\" content=\"http:\/\/mathelot17.pro\/index.php\/qui-suis-je\/\" \/>\n<meta property=\"og:site_name\" content=\"mathelot17\" \/>\n<meta property=\"article:modified_time\" content=\"2026-01-03T14:42:36+00:00\" \/>\n<meta property=\"og:image\" content=\"http:\/\/mathelot17.pro\/wp-content\/uploads\/2026\/01\/photo-ct-263x350.jpg\" \/>\n<meta name=\"twitter:card\" content=\"summary_large_image\" \/>\n<meta name=\"twitter:label1\" content=\"Dur\u00e9e de lecture estim\u00e9e\" \/>\n\t<meta name=\"twitter:data1\" content=\"1 minute\" \/>\n<script type=\"application\/ld+json\" class=\"yoast-schema-graph\">{\"@context\":\"https:\/\/schema.org\",\"@graph\":[{\"@type\":\"WebPage\",\"@id\":\"http:\/\/mathelot17.pro\/index.php\/qui-suis-je\/\",\"url\":\"http:\/\/mathelot17.pro\/index.php\/qui-suis-je\/\",\"name\":\"Qui suis je ? - mathelot17\",\"isPartOf\":{\"@id\":\"http:\/\/mathelot17.pro\/#website\"},\"primaryImageOfPage\":{\"@id\":\"http:\/\/mathelot17.pro\/index.php\/qui-suis-je\/#primaryimage\"},\"image\":{\"@id\":\"http:\/\/mathelot17.pro\/index.php\/qui-suis-je\/#primaryimage\"},\"thumbnailUrl\":\"http:\/\/mathelot17.pro\/wp-content\/uploads\/2026\/01\/photo-ct-263x350.jpg\",\"datePublished\":\"2025-12-27T15:37:50+00:00\",\"dateModified\":\"2026-01-03T14:42:36+00:00\",\"breadcrumb\":{\"@id\":\"http:\/\/mathelot17.pro\/index.php\/qui-suis-je\/#breadcrumb\"},\"inLanguage\":\"fr-FR\",\"potentialAction\":[{\"@type\":\"ReadAction\",\"target\":[\"http:\/\/mathelot17.pro\/index.php\/qui-suis-je\/\"]}]},{\"@type\":\"ImageObject\",\"inLanguage\":\"fr-FR\",\"@id\":\"http:\/\/mathelot17.pro\/index.php\/qui-suis-je\/#primaryimage\",\"url\":\"https:\/\/mathelot17.pro\/wp-content\/uploads\/2026\/01\/photo-ct.jpg\",\"contentUrl\":\"https:\/\/mathelot17.pro\/wp-content\/uploads\/2026\/01\/photo-ct.jpg\",\"width\":1632,\"height\":2176},{\"@type\":\"BreadcrumbList\",\"@id\":\"http:\/\/mathelot17.pro\/index.php\/qui-suis-je\/#breadcrumb\",\"itemListElement\":[{\"@type\":\"ListItem\",\"position\":1,\"name\":\"Accueil\",\"item\":\"http:\/\/mathelot17.pro\/\"},{\"@type\":\"ListItem\",\"position\":2,\"name\":\"Qui suis je ?\"}]},{\"@type\":\"WebSite\",\"@id\":\"http:\/\/mathelot17.pro\/#website\",\"url\":\"http:\/\/mathelot17.pro\/\",\"name\":\"mathelot17\",\"description\":\"un site pour am\u00e9liorer vos comp\u00e9tences en math\u00e9matiques\",\"publisher\":{\"@id\":\"http:\/\/mathelot17.pro\/#organization\"},\"potentialAction\":[{\"@type\":\"SearchAction\",\"target\":{\"@type\":\"EntryPoint\",\"urlTemplate\":\"http:\/\/mathelot17.pro\/?s={search_term_string}\"},\"query-input\":{\"@type\":\"PropertyValueSpecification\",\"valueRequired\":true,\"valueName\":\"search_term_string\"}}],\"inLanguage\":\"fr-FR\"},{\"@type\":\"Organization\",\"@id\":\"http:\/\/mathelot17.pro\/#organization\",\"name\":\"mathelot17\",\"url\":\"http:\/\/mathelot17.pro\/\",\"logo\":{\"@type\":\"ImageObject\",\"inLanguage\":\"fr-FR\",\"@id\":\"http:\/\/mathelot17.pro\/#\/schema\/logo\/image\/\",\"url\":\"https:\/\/mathelot17.pro\/wp-content\/uploads\/2025\/12\/cropped-cropped-Image1-3.png\",\"contentUrl\":\"https:\/\/mathelot17.pro\/wp-content\/uploads\/2025\/12\/cropped-cropped-Image1-3.png\",\"width\":606,\"height\":639,\"caption\":\"mathelot17\"},\"image\":{\"@id\":\"http:\/\/mathelot17.pro\/#\/schema\/logo\/image\/\"}}]}<\/script>\n<!-- \/ Yoast SEO plugin. -->","yoast_head_json":{"title":"Qui suis je ? - mathelot17","robots":{"index":"index","follow":"follow","max-snippet":"max-snippet:-1","max-image-preview":"max-image-preview:large","max-video-preview":"max-video-preview:-1"},"canonical":"http:\/\/mathelot17.pro\/index.php\/qui-suis-je\/","og_locale":"fr_FR","og_type":"article","og_title":"Qui suis je ? - mathelot17","og_description":"PROFESSEUR DE MATHEMATIQUES EXPERIMENTE Je donne des cours particuliers depuis plus de 30 ans pour des \u00e9l\u00e8ves de tous niveau, du coll\u00e8ge au niveau terminale. Je suis patient, p\u00e9dagogue et je m&rsquo;adapte au rythme de chaque personne pour assurer une compr\u00e9hension compl\u00e8te des concepts. Mon objectif principal est d&rsquo;aider chaque individu \u00e0 atteindre son plein [&hellip;]","og_url":"http:\/\/mathelot17.pro\/index.php\/qui-suis-je\/","og_site_name":"mathelot17","article_modified_time":"2026-01-03T14:42:36+00:00","og_image":[{"url":"http:\/\/mathelot17.pro\/wp-content\/uploads\/2026\/01\/photo-ct-263x350.jpg","type":"","width":"","height":""}],"twitter_card":"summary_large_image","twitter_misc":{"Dur\u00e9e de lecture estim\u00e9e":"1 minute"},"schema":{"@context":"https:\/\/schema.org","@graph":[{"@type":"WebPage","@id":"http:\/\/mathelot17.pro\/index.php\/qui-suis-je\/","url":"http:\/\/mathelot17.pro\/index.php\/qui-suis-je\/","name":"Qui suis je ? - mathelot17","isPartOf":{"@id":"http:\/\/mathelot17.pro\/#website"},"primaryImageOfPage":{"@id":"http:\/\/mathelot17.pro\/index.php\/qui-suis-je\/#primaryimage"},"image":{"@id":"http:\/\/mathelot17.pro\/index.php\/qui-suis-je\/#primaryimage"},"thumbnailUrl":"http:\/\/mathelot17.pro\/wp-content\/uploads\/2026\/01\/photo-ct-263x350.jpg","datePublished":"2025-12-27T15:37:50+00:00","dateModified":"2026-01-03T14:42:36+00:00","breadcrumb":{"@id":"http:\/\/mathelot17.pro\/index.php\/qui-suis-je\/#breadcrumb"},"inLanguage":"fr-FR","potentialAction":[{"@type":"ReadAction","target":["http:\/\/mathelot17.pro\/index.php\/qui-suis-je\/"]}]},{"@type":"ImageObject","inLanguage":"fr-FR","@id":"http:\/\/mathelot17.pro\/index.php\/qui-suis-je\/#primaryimage","url":"https:\/\/mathelot17.pro\/wp-content\/uploads\/2026\/01\/photo-ct.jpg","contentUrl":"https:\/\/mathelot17.pro\/wp-content\/uploads\/2026\/01\/photo-ct.jpg","width":1632,"height":2176},{"@type":"BreadcrumbList","@id":"http:\/\/mathelot17.pro\/index.php\/qui-suis-je\/#breadcrumb","itemListElement":[{"@type":"ListItem","position":1,"name":"Accueil","item":"http:\/\/mathelot17.pro\/"},{"@type":"ListItem","position":2,"name":"Qui suis je ?"}]},{"@type":"WebSite","@id":"http:\/\/mathelot17.pro\/#website","url":"http:\/\/mathelot17.pro\/","name":"mathelot17","description":"un site pour am\u00e9liorer vos comp\u00e9tences en math\u00e9matiques","publisher":{"@id":"http:\/\/mathelot17.pro\/#organization"},"potentialAction":[{"@type":"SearchAction","target":{"@type":"EntryPoint","urlTemplate":"http:\/\/mathelot17.pro\/?s={search_term_string}"},"query-input":{"@type":"PropertyValueSpecification","valueRequired":true,"valueName":"search_term_string"}}],"inLanguage":"fr-FR"},{"@type":"Organization","@id":"http:\/\/mathelot17.pro\/#organization","name":"mathelot17","url":"http:\/\/mathelot17.pro\/","logo":{"@type":"ImageObject","inLanguage":"fr-FR","@id":"http:\/\/mathelot17.pro\/#\/schema\/logo\/image\/","url":"https:\/\/mathelot17.pro\/wp-content\/uploads\/2025\/12\/cropped-cropped-Image1-3.png","contentUrl":"https:\/\/mathelot17.pro\/wp-content\/uploads\/2025\/12\/cropped-cropped-Image1-3.png","width":606,"height":639,"caption":"mathelot17"},"image":{"@id":"http:\/\/mathelot17.pro\/#\/schema\/logo\/image\/"}}]}},"_links":{"self":[{"href":"https:\/\/mathelot17.pro\/index.php\/wp-json\/wp\/v2\/pages\/110","targetHints":{"allow":["GET"]}}],"collection":[{"href":"https:\/\/mathelot17.pro\/index.php\/wp-json\/wp\/v2\/pages"}],"about":[{"href":"https:\/\/mathelot17.pro\/index.php\/wp-json\/wp\/v2\/types\/page"}],"author":[{"embeddable":true,"href":"https:\/\/mathelot17.pro\/index.php\/wp-json\/wp\/v2\/users\/1"}],"replies":[{"embeddable":true,"href":"https:\/\/mathelot17.pro\/index.php\/wp-json\/wp\/v2\/comments?post=110"}],"version-history":[{"count":6,"href":"https:\/\/mathelot17.pro\/index.php\/wp-json\/wp\/v2\/pages\/110\/revisions"}],"predecessor-version":[{"id":229,"href":"https:\/\/mathelot17.pro\/index.php\/wp-json\/wp\/v2\/pages\/110\/revisions\/229"}],"wp:attachment":[{"href":"https:\/\/mathelot17.pro\/index.php\/wp-json\/wp\/v2\/media?parent=110"}],"curies":[{"name":"wp","href":"https:\/\/api.w.org\/{rel}","templated":true}]}}