{"id":112,"date":"2025-12-27T16:39:32","date_gmt":"2025-12-27T15:39:32","guid":{"rendered":"http:\/\/mathelot17.pro\/?page_id=112"},"modified":"2025-12-30T10:23:59","modified_gmt":"2025-12-30T09:23:59","slug":"mes-objectifs","status":"publish","type":"page","link":"https:\/\/mathelot17.pro\/index.php\/mes-objectifs\/","title":{"rendered":"Mes objectifs"},"content":{"rendered":"<p><img decoding=\"async\" class=\"aligncenter wp-image-142\" src=\"http:\/\/mathelot17.pro\/wp-content\/uploads\/2025\/12\/Image1-1-306x350.jpg\" alt=\"\" width=\"133\" height=\"152\" srcset=\"https:\/\/mathelot17.pro\/wp-content\/uploads\/2025\/12\/Image1-1-306x350.jpg 306w, https:\/\/mathelot17.pro\/wp-content\/uploads\/2025\/12\/Image1-1.jpg 399w\" sizes=\"(max-width: 133px) 100vw, 133px\" \/><\/p>\n<p>&nbsp;<\/p>\n<h1 style=\"text-align: center;\"><span style=\"color: #339966;\"><b>Mes objectifs \u2013 A d\u00e9finir au pr\u00e9alable avec vous :<\/b><\/span><\/h1>\n<ul>\n<li>\n<h2><strong><span style=\"color: #0000ff;\">E<\/span><span style=\"color: #3366ff;\"><em><span style=\"color: #0000ff;\">val<\/span>uation et bilan des comp\u00e9tences en cours d&rsquo;acquisition<\/em><\/span><\/strong><\/h2>\n<\/li>\n<li>\n<h2><em><strong><span style=\"color: #3366ff;\"><strong>Rem<\/strong>\u00e9diation des notions du cours abord\u00e9es en classe<\/span><\/strong><\/em><\/h2>\n<\/li>\n<li>\n<h2><em><strong><span style=\"color: #3366ff;\">Accompagnement des devoirs \u00e0 r\u00e9aliser<\/span><\/strong><\/em><\/h2>\n<\/li>\n<li>\n<h2><em><strong><span style=\"color: #3366ff;\">Propositions et correction d&rsquo;exercices<\/span><\/strong><\/em><\/h2>\n<\/li>\n<li>\n<h2><em><strong><span style=\"color: #3366ff;\">Pr\u00e9paration \u00e0 des \u00e9valuations ou contr\u00f4les<\/span><\/strong><\/em><\/h2>\n<\/li>\n<li>\n<h2><em><strong><span style=\"color: #3366ff;\">Pr\u00e9paration \u00e0 l&rsquo;examen du brevet<\/span><\/strong><\/em><\/h2>\n<\/li>\n<li>\n<h2><em><strong><span style=\"color: #3366ff;\">Pr\u00e9paration rentr\u00e9e scolaire<\/span><\/strong><\/em><\/h2>\n<\/li>\n<li>\n<h2><strong><span style=\"color: #0000ff;\"><em>Renforcer la m\u00e9thodologie et le sens critique, structurer le raisonnement<\/em><\/span><\/strong><\/h2>\n<\/li>\n<li>\n<h2><strong><span style=\"color: #0000ff;\"><em>Un bilan personnalit\u00e9 du niveau de vos comp\u00e9tence vous sera transmis au d\u00e9but de chaque mois<\/em><\/span><\/strong><\/h2>\n<\/li>\n<li>\n<h2><strong><span style=\"color: #0000ff;\"><em>R\u00e9visions ; stage intensif (petites et grandes vacances scolaires)<\/em><\/span><\/strong><\/h2>\n<\/li>\n<li>\n<h2><strong><span style=\"color: #0000ff;\"><em>Elaboration de cartes mentales<\/em><\/span><\/strong><\/h2>\n<\/li>\n<li>\n<h2><strong><span style=\"color: #0000ff;\"><em>Une r\u00e9ponse \u00e0 toutes vos questions ou remarques, adapt\u00e9e \u00e0 votre demande en moins de 48 heures<\/em><\/span><\/strong><\/h2>\n<\/li>\n<\/ul>\n<h2><\/h2>\n","protected":false},"excerpt":{"rendered":"<p>&nbsp; Mes objectifs \u2013 A d\u00e9finir au pr\u00e9alable avec vous : Evaluation et bilan des comp\u00e9tences en cours d&rsquo;acquisition Rem\u00e9diation des notions du cours abord\u00e9es en classe Accompagnement des devoirs \u00e0 r\u00e9aliser Propositions et correction d&rsquo;exercices Pr\u00e9paration \u00e0 des \u00e9valuations ou contr\u00f4les Pr\u00e9paration \u00e0 l&rsquo;examen du brevet Pr\u00e9paration rentr\u00e9e scolaire Renforcer la m\u00e9thodologie et le [&hellip;]<\/p>\n","protected":false},"author":1,"featured_media":0,"parent":0,"menu_order":0,"comment_status":"closed","ping_status":"closed","template":"","meta":{"_crdt_document":"","footnotes":""},"class_list":["post-112","page","type-page","status-publish","hentry"],"yoast_head":"<!-- This site is optimized with the Yoast SEO plugin v26.6 - https:\/\/yoast.com\/wordpress\/plugins\/seo\/ -->\n<title>Mes objectifs - mathelot17<\/title>\n<meta name=\"robots\" content=\"index, follow, max-snippet:-1, max-image-preview:large, max-video-preview:-1\" \/>\n<link rel=\"canonical\" href=\"http:\/\/mathelot17.pro\/index.php\/mes-objectifs\/\" \/>\n<meta property=\"og:locale\" content=\"fr_FR\" \/>\n<meta property=\"og:type\" content=\"article\" \/>\n<meta property=\"og:title\" content=\"Mes objectifs - mathelot17\" \/>\n<meta property=\"og:description\" content=\"&nbsp; Mes objectifs \u2013 A d\u00e9finir au pr\u00e9alable avec vous : Evaluation et bilan des comp\u00e9tences en cours d&rsquo;acquisition Rem\u00e9diation des notions du cours abord\u00e9es en classe Accompagnement des devoirs \u00e0 r\u00e9aliser Propositions et correction d&rsquo;exercices Pr\u00e9paration \u00e0 des \u00e9valuations ou contr\u00f4les Pr\u00e9paration \u00e0 l&rsquo;examen du brevet Pr\u00e9paration rentr\u00e9e scolaire Renforcer la m\u00e9thodologie et le [&hellip;]\" \/>\n<meta property=\"og:url\" content=\"http:\/\/mathelot17.pro\/index.php\/mes-objectifs\/\" \/>\n<meta property=\"og:site_name\" content=\"mathelot17\" \/>\n<meta property=\"article:modified_time\" content=\"2025-12-30T09:23:59+00:00\" \/>\n<meta property=\"og:image\" content=\"http:\/\/mathelot17.pro\/wp-content\/uploads\/2025\/12\/Image1-1-306x350.jpg\" \/>\n<meta name=\"twitter:card\" content=\"summary_large_image\" \/>\n<meta name=\"twitter:label1\" content=\"Dur\u00e9e de lecture estim\u00e9e\" \/>\n\t<meta name=\"twitter:data1\" content=\"1 minute\" \/>\n<script type=\"application\/ld+json\" class=\"yoast-schema-graph\">{\"@context\":\"https:\/\/schema.org\",\"@graph\":[{\"@type\":\"WebPage\",\"@id\":\"http:\/\/mathelot17.pro\/index.php\/mes-objectifs\/\",\"url\":\"http:\/\/mathelot17.pro\/index.php\/mes-objectifs\/\",\"name\":\"Mes objectifs - mathelot17\",\"isPartOf\":{\"@id\":\"http:\/\/mathelot17.pro\/#website\"},\"primaryImageOfPage\":{\"@id\":\"http:\/\/mathelot17.pro\/index.php\/mes-objectifs\/#primaryimage\"},\"image\":{\"@id\":\"http:\/\/mathelot17.pro\/index.php\/mes-objectifs\/#primaryimage\"},\"thumbnailUrl\":\"http:\/\/mathelot17.pro\/wp-content\/uploads\/2025\/12\/Image1-1-306x350.jpg\",\"datePublished\":\"2025-12-27T15:39:32+00:00\",\"dateModified\":\"2025-12-30T09:23:59+00:00\",\"breadcrumb\":{\"@id\":\"http:\/\/mathelot17.pro\/index.php\/mes-objectifs\/#breadcrumb\"},\"inLanguage\":\"fr-FR\",\"potentialAction\":[{\"@type\":\"ReadAction\",\"target\":[\"http:\/\/mathelot17.pro\/index.php\/mes-objectifs\/\"]}]},{\"@type\":\"ImageObject\",\"inLanguage\":\"fr-FR\",\"@id\":\"http:\/\/mathelot17.pro\/index.php\/mes-objectifs\/#primaryimage\",\"url\":\"https:\/\/mathelot17.pro\/wp-content\/uploads\/2025\/12\/Image1-1.jpg\",\"contentUrl\":\"https:\/\/mathelot17.pro\/wp-content\/uploads\/2025\/12\/Image1-1.jpg\",\"width\":399,\"height\":457},{\"@type\":\"BreadcrumbList\",\"@id\":\"http:\/\/mathelot17.pro\/index.php\/mes-objectifs\/#breadcrumb\",\"itemListElement\":[{\"@type\":\"ListItem\",\"position\":1,\"name\":\"Accueil\",\"item\":\"http:\/\/mathelot17.pro\/\"},{\"@type\":\"ListItem\",\"position\":2,\"name\":\"Mes objectifs\"}]},{\"@type\":\"WebSite\",\"@id\":\"http:\/\/mathelot17.pro\/#website\",\"url\":\"http:\/\/mathelot17.pro\/\",\"name\":\"mathelot17\",\"description\":\"un site pour am\u00e9liorer vos comp\u00e9tences en math\u00e9matiques\",\"publisher\":{\"@id\":\"http:\/\/mathelot17.pro\/#organization\"},\"potentialAction\":[{\"@type\":\"SearchAction\",\"target\":{\"@type\":\"EntryPoint\",\"urlTemplate\":\"http:\/\/mathelot17.pro\/?s={search_term_string}\"},\"query-input\":{\"@type\":\"PropertyValueSpecification\",\"valueRequired\":true,\"valueName\":\"search_term_string\"}}],\"inLanguage\":\"fr-FR\"},{\"@type\":\"Organization\",\"@id\":\"http:\/\/mathelot17.pro\/#organization\",\"name\":\"mathelot17\",\"url\":\"http:\/\/mathelot17.pro\/\",\"logo\":{\"@type\":\"ImageObject\",\"inLanguage\":\"fr-FR\",\"@id\":\"http:\/\/mathelot17.pro\/#\/schema\/logo\/image\/\",\"url\":\"https:\/\/mathelot17.pro\/wp-content\/uploads\/2025\/12\/cropped-cropped-Image1-3.png\",\"contentUrl\":\"https:\/\/mathelot17.pro\/wp-content\/uploads\/2025\/12\/cropped-cropped-Image1-3.png\",\"width\":606,\"height\":639,\"caption\":\"mathelot17\"},\"image\":{\"@id\":\"http:\/\/mathelot17.pro\/#\/schema\/logo\/image\/\"}}]}<\/script>\n<!-- \/ Yoast SEO plugin. -->","yoast_head_json":{"title":"Mes objectifs - mathelot17","robots":{"index":"index","follow":"follow","max-snippet":"max-snippet:-1","max-image-preview":"max-image-preview:large","max-video-preview":"max-video-preview:-1"},"canonical":"http:\/\/mathelot17.pro\/index.php\/mes-objectifs\/","og_locale":"fr_FR","og_type":"article","og_title":"Mes objectifs - mathelot17","og_description":"&nbsp; Mes objectifs \u2013 A d\u00e9finir au pr\u00e9alable avec vous : Evaluation et bilan des comp\u00e9tences en cours d&rsquo;acquisition Rem\u00e9diation des notions du cours abord\u00e9es en classe Accompagnement des devoirs \u00e0 r\u00e9aliser Propositions et correction d&rsquo;exercices Pr\u00e9paration \u00e0 des \u00e9valuations ou contr\u00f4les Pr\u00e9paration \u00e0 l&rsquo;examen du brevet Pr\u00e9paration rentr\u00e9e scolaire Renforcer la m\u00e9thodologie et le [&hellip;]","og_url":"http:\/\/mathelot17.pro\/index.php\/mes-objectifs\/","og_site_name":"mathelot17","article_modified_time":"2025-12-30T09:23:59+00:00","og_image":[{"url":"http:\/\/mathelot17.pro\/wp-content\/uploads\/2025\/12\/Image1-1-306x350.jpg","type":"","width":"","height":""}],"twitter_card":"summary_large_image","twitter_misc":{"Dur\u00e9e de lecture estim\u00e9e":"1 minute"},"schema":{"@context":"https:\/\/schema.org","@graph":[{"@type":"WebPage","@id":"http:\/\/mathelot17.pro\/index.php\/mes-objectifs\/","url":"http:\/\/mathelot17.pro\/index.php\/mes-objectifs\/","name":"Mes objectifs - mathelot17","isPartOf":{"@id":"http:\/\/mathelot17.pro\/#website"},"primaryImageOfPage":{"@id":"http:\/\/mathelot17.pro\/index.php\/mes-objectifs\/#primaryimage"},"image":{"@id":"http:\/\/mathelot17.pro\/index.php\/mes-objectifs\/#primaryimage"},"thumbnailUrl":"http:\/\/mathelot17.pro\/wp-content\/uploads\/2025\/12\/Image1-1-306x350.jpg","datePublished":"2025-12-27T15:39:32+00:00","dateModified":"2025-12-30T09:23:59+00:00","breadcrumb":{"@id":"http:\/\/mathelot17.pro\/index.php\/mes-objectifs\/#breadcrumb"},"inLanguage":"fr-FR","potentialAction":[{"@type":"ReadAction","target":["http:\/\/mathelot17.pro\/index.php\/mes-objectifs\/"]}]},{"@type":"ImageObject","inLanguage":"fr-FR","@id":"http:\/\/mathelot17.pro\/index.php\/mes-objectifs\/#primaryimage","url":"https:\/\/mathelot17.pro\/wp-content\/uploads\/2025\/12\/Image1-1.jpg","contentUrl":"https:\/\/mathelot17.pro\/wp-content\/uploads\/2025\/12\/Image1-1.jpg","width":399,"height":457},{"@type":"BreadcrumbList","@id":"http:\/\/mathelot17.pro\/index.php\/mes-objectifs\/#breadcrumb","itemListElement":[{"@type":"ListItem","position":1,"name":"Accueil","item":"http:\/\/mathelot17.pro\/"},{"@type":"ListItem","position":2,"name":"Mes objectifs"}]},{"@type":"WebSite","@id":"http:\/\/mathelot17.pro\/#website","url":"http:\/\/mathelot17.pro\/","name":"mathelot17","description":"un site pour am\u00e9liorer vos comp\u00e9tences en math\u00e9matiques","publisher":{"@id":"http:\/\/mathelot17.pro\/#organization"},"potentialAction":[{"@type":"SearchAction","target":{"@type":"EntryPoint","urlTemplate":"http:\/\/mathelot17.pro\/?s={search_term_string}"},"query-input":{"@type":"PropertyValueSpecification","valueRequired":true,"valueName":"search_term_string"}}],"inLanguage":"fr-FR"},{"@type":"Organization","@id":"http:\/\/mathelot17.pro\/#organization","name":"mathelot17","url":"http:\/\/mathelot17.pro\/","logo":{"@type":"ImageObject","inLanguage":"fr-FR","@id":"http:\/\/mathelot17.pro\/#\/schema\/logo\/image\/","url":"https:\/\/mathelot17.pro\/wp-content\/uploads\/2025\/12\/cropped-cropped-Image1-3.png","contentUrl":"https:\/\/mathelot17.pro\/wp-content\/uploads\/2025\/12\/cropped-cropped-Image1-3.png","width":606,"height":639,"caption":"mathelot17"},"image":{"@id":"http:\/\/mathelot17.pro\/#\/schema\/logo\/image\/"}}]}},"_links":{"self":[{"href":"https:\/\/mathelot17.pro\/index.php\/wp-json\/wp\/v2\/pages\/112","targetHints":{"allow":["GET"]}}],"collection":[{"href":"https:\/\/mathelot17.pro\/index.php\/wp-json\/wp\/v2\/pages"}],"about":[{"href":"https:\/\/mathelot17.pro\/index.php\/wp-json\/wp\/v2\/types\/page"}],"author":[{"embeddable":true,"href":"https:\/\/mathelot17.pro\/index.php\/wp-json\/wp\/v2\/users\/1"}],"replies":[{"embeddable":true,"href":"https:\/\/mathelot17.pro\/index.php\/wp-json\/wp\/v2\/comments?post=112"}],"version-history":[{"count":6,"href":"https:\/\/mathelot17.pro\/index.php\/wp-json\/wp\/v2\/pages\/112\/revisions"}],"predecessor-version":[{"id":173,"href":"https:\/\/mathelot17.pro\/index.php\/wp-json\/wp\/v2\/pages\/112\/revisions\/173"}],"wp:attachment":[{"href":"https:\/\/mathelot17.pro\/index.php\/wp-json\/wp\/v2\/media?parent=112"}],"curies":[{"name":"wp","href":"https:\/\/api.w.org\/{rel}","templated":true}]}}