{"id":155,"date":"2025-12-30T09:53:11","date_gmt":"2025-12-30T08:53:11","guid":{"rendered":"http:\/\/mathelot17.pro\/?page_id=155"},"modified":"2025-12-30T10:24:33","modified_gmt":"2025-12-30T09:24:33","slug":"tarifications","status":"publish","type":"page","link":"https:\/\/mathelot17.pro\/index.php\/tarifications\/","title":{"rendered":"Tarifications"},"content":{"rendered":"<h1 style=\"text-align: center;\"><span style=\"color: #339966;\"><em><strong>TARIFICATIONS<\/strong><\/em><\/span><\/h1>\n<ul>\n<li>\n<h2><span style=\"color: #0000ff;\"><em><strong>La premi\u00e8re s\u00e9ance de 30 minutes est gratuite et sans engagement<\/strong><\/em><\/span><\/h2>\n<\/li>\n<li>\n<h2><span style=\"color: #0000ff;\"><em><strong>Mon tarif est de 25 euros de l&rsquo;heure et de 35 euros pour 1h30<\/strong><\/em><\/span><\/h2>\n<\/li>\n<li>\n<h2><span style=\"color: #0000ff;\"><em><strong>Les cours suivants, r\u00e9gl\u00e9s en d\u00e9but de s\u00e9ance,\u00a0 sont sans engagement, ni dans la dur\u00e9e, ni dans la fr\u00e9quence<\/strong><\/em><\/span><\/h2>\n<\/li>\n<\/ul>\n<p>&nbsp;<\/p>\n","protected":false},"excerpt":{"rendered":"<p>TARIFICATIONS La premi\u00e8re s\u00e9ance de 30 minutes est gratuite et sans engagement Mon tarif est de 25 euros de l&rsquo;heure et de 35 euros pour 1h30 Les cours suivants, r\u00e9gl\u00e9s en d\u00e9but de s\u00e9ance,\u00a0 sont sans engagement, ni dans la dur\u00e9e, ni dans la fr\u00e9quence &nbsp;<\/p>\n","protected":false},"author":1,"featured_media":0,"parent":0,"menu_order":0,"comment_status":"closed","ping_status":"closed","template":"","meta":{"_crdt_document":"","footnotes":""},"class_list":["post-155","page","type-page","status-publish","hentry"],"yoast_head":"<!-- This site is optimized with the Yoast SEO plugin v26.6 - https:\/\/yoast.com\/wordpress\/plugins\/seo\/ -->\n<title>Tarifications - mathelot17<\/title>\n<meta name=\"robots\" content=\"index, follow, max-snippet:-1, max-image-preview:large, max-video-preview:-1\" \/>\n<link rel=\"canonical\" href=\"http:\/\/mathelot17.pro\/index.php\/tarifications\/\" \/>\n<meta property=\"og:locale\" content=\"fr_FR\" \/>\n<meta property=\"og:type\" content=\"article\" \/>\n<meta property=\"og:title\" content=\"Tarifications - mathelot17\" \/>\n<meta property=\"og:description\" content=\"TARIFICATIONS La premi\u00e8re s\u00e9ance de 30 minutes est gratuite et sans engagement Mon tarif est de 25 euros de l&rsquo;heure et de 35 euros pour 1h30 Les cours suivants, r\u00e9gl\u00e9s en d\u00e9but de s\u00e9ance,\u00a0 sont sans engagement, ni dans la dur\u00e9e, ni dans la fr\u00e9quence &nbsp;\" \/>\n<meta property=\"og:url\" content=\"http:\/\/mathelot17.pro\/index.php\/tarifications\/\" \/>\n<meta property=\"og:site_name\" content=\"mathelot17\" \/>\n<meta property=\"article:modified_time\" content=\"2025-12-30T09:24:33+00:00\" \/>\n<meta name=\"twitter:card\" content=\"summary_large_image\" \/>\n<script type=\"application\/ld+json\" class=\"yoast-schema-graph\">{\"@context\":\"https:\/\/schema.org\",\"@graph\":[{\"@type\":\"WebPage\",\"@id\":\"http:\/\/mathelot17.pro\/index.php\/tarifications\/\",\"url\":\"http:\/\/mathelot17.pro\/index.php\/tarifications\/\",\"name\":\"Tarifications - mathelot17\",\"isPartOf\":{\"@id\":\"http:\/\/mathelot17.pro\/#website\"},\"datePublished\":\"2025-12-30T08:53:11+00:00\",\"dateModified\":\"2025-12-30T09:24:33+00:00\",\"breadcrumb\":{\"@id\":\"http:\/\/mathelot17.pro\/index.php\/tarifications\/#breadcrumb\"},\"inLanguage\":\"fr-FR\",\"potentialAction\":[{\"@type\":\"ReadAction\",\"target\":[\"http:\/\/mathelot17.pro\/index.php\/tarifications\/\"]}]},{\"@type\":\"BreadcrumbList\",\"@id\":\"http:\/\/mathelot17.pro\/index.php\/tarifications\/#breadcrumb\",\"itemListElement\":[{\"@type\":\"ListItem\",\"position\":1,\"name\":\"Accueil\",\"item\":\"http:\/\/mathelot17.pro\/\"},{\"@type\":\"ListItem\",\"position\":2,\"name\":\"Tarifications\"}]},{\"@type\":\"WebSite\",\"@id\":\"http:\/\/mathelot17.pro\/#website\",\"url\":\"http:\/\/mathelot17.pro\/\",\"name\":\"mathelot17\",\"description\":\"un site pour am\u00e9liorer vos comp\u00e9tences en math\u00e9matiques\",\"publisher\":{\"@id\":\"http:\/\/mathelot17.pro\/#organization\"},\"potentialAction\":[{\"@type\":\"SearchAction\",\"target\":{\"@type\":\"EntryPoint\",\"urlTemplate\":\"http:\/\/mathelot17.pro\/?s={search_term_string}\"},\"query-input\":{\"@type\":\"PropertyValueSpecification\",\"valueRequired\":true,\"valueName\":\"search_term_string\"}}],\"inLanguage\":\"fr-FR\"},{\"@type\":\"Organization\",\"@id\":\"http:\/\/mathelot17.pro\/#organization\",\"name\":\"mathelot17\",\"url\":\"http:\/\/mathelot17.pro\/\",\"logo\":{\"@type\":\"ImageObject\",\"inLanguage\":\"fr-FR\",\"@id\":\"http:\/\/mathelot17.pro\/#\/schema\/logo\/image\/\",\"url\":\"https:\/\/mathelot17.pro\/wp-content\/uploads\/2025\/12\/cropped-cropped-Image1-3.png\",\"contentUrl\":\"https:\/\/mathelot17.pro\/wp-content\/uploads\/2025\/12\/cropped-cropped-Image1-3.png\",\"width\":606,\"height\":639,\"caption\":\"mathelot17\"},\"image\":{\"@id\":\"http:\/\/mathelot17.pro\/#\/schema\/logo\/image\/\"}}]}<\/script>\n<!-- \/ Yoast SEO plugin. -->","yoast_head_json":{"title":"Tarifications - mathelot17","robots":{"index":"index","follow":"follow","max-snippet":"max-snippet:-1","max-image-preview":"max-image-preview:large","max-video-preview":"max-video-preview:-1"},"canonical":"http:\/\/mathelot17.pro\/index.php\/tarifications\/","og_locale":"fr_FR","og_type":"article","og_title":"Tarifications - mathelot17","og_description":"TARIFICATIONS La premi\u00e8re s\u00e9ance de 30 minutes est gratuite et sans engagement Mon tarif est de 25 euros de l&rsquo;heure et de 35 euros pour 1h30 Les cours suivants, r\u00e9gl\u00e9s en d\u00e9but de s\u00e9ance,\u00a0 sont sans engagement, ni dans la dur\u00e9e, ni dans la fr\u00e9quence &nbsp;","og_url":"http:\/\/mathelot17.pro\/index.php\/tarifications\/","og_site_name":"mathelot17","article_modified_time":"2025-12-30T09:24:33+00:00","twitter_card":"summary_large_image","schema":{"@context":"https:\/\/schema.org","@graph":[{"@type":"WebPage","@id":"http:\/\/mathelot17.pro\/index.php\/tarifications\/","url":"http:\/\/mathelot17.pro\/index.php\/tarifications\/","name":"Tarifications - mathelot17","isPartOf":{"@id":"http:\/\/mathelot17.pro\/#website"},"datePublished":"2025-12-30T08:53:11+00:00","dateModified":"2025-12-30T09:24:33+00:00","breadcrumb":{"@id":"http:\/\/mathelot17.pro\/index.php\/tarifications\/#breadcrumb"},"inLanguage":"fr-FR","potentialAction":[{"@type":"ReadAction","target":["http:\/\/mathelot17.pro\/index.php\/tarifications\/"]}]},{"@type":"BreadcrumbList","@id":"http:\/\/mathelot17.pro\/index.php\/tarifications\/#breadcrumb","itemListElement":[{"@type":"ListItem","position":1,"name":"Accueil","item":"http:\/\/mathelot17.pro\/"},{"@type":"ListItem","position":2,"name":"Tarifications"}]},{"@type":"WebSite","@id":"http:\/\/mathelot17.pro\/#website","url":"http:\/\/mathelot17.pro\/","name":"mathelot17","description":"un site pour am\u00e9liorer vos comp\u00e9tences en math\u00e9matiques","publisher":{"@id":"http:\/\/mathelot17.pro\/#organization"},"potentialAction":[{"@type":"SearchAction","target":{"@type":"EntryPoint","urlTemplate":"http:\/\/mathelot17.pro\/?s={search_term_string}"},"query-input":{"@type":"PropertyValueSpecification","valueRequired":true,"valueName":"search_term_string"}}],"inLanguage":"fr-FR"},{"@type":"Organization","@id":"http:\/\/mathelot17.pro\/#organization","name":"mathelot17","url":"http:\/\/mathelot17.pro\/","logo":{"@type":"ImageObject","inLanguage":"fr-FR","@id":"http:\/\/mathelot17.pro\/#\/schema\/logo\/image\/","url":"https:\/\/mathelot17.pro\/wp-content\/uploads\/2025\/12\/cropped-cropped-Image1-3.png","contentUrl":"https:\/\/mathelot17.pro\/wp-content\/uploads\/2025\/12\/cropped-cropped-Image1-3.png","width":606,"height":639,"caption":"mathelot17"},"image":{"@id":"http:\/\/mathelot17.pro\/#\/schema\/logo\/image\/"}}]}},"_links":{"self":[{"href":"https:\/\/mathelot17.pro\/index.php\/wp-json\/wp\/v2\/pages\/155","targetHints":{"allow":["GET"]}}],"collection":[{"href":"https:\/\/mathelot17.pro\/index.php\/wp-json\/wp\/v2\/pages"}],"about":[{"href":"https:\/\/mathelot17.pro\/index.php\/wp-json\/wp\/v2\/types\/page"}],"author":[{"embeddable":true,"href":"https:\/\/mathelot17.pro\/index.php\/wp-json\/wp\/v2\/users\/1"}],"replies":[{"embeddable":true,"href":"https:\/\/mathelot17.pro\/index.php\/wp-json\/wp\/v2\/comments?post=155"}],"version-history":[{"count":4,"href":"https:\/\/mathelot17.pro\/index.php\/wp-json\/wp\/v2\/pages\/155\/revisions"}],"predecessor-version":[{"id":174,"href":"https:\/\/mathelot17.pro\/index.php\/wp-json\/wp\/v2\/pages\/155\/revisions\/174"}],"wp:attachment":[{"href":"https:\/\/mathelot17.pro\/index.php\/wp-json\/wp\/v2\/media?parent=155"}],"curies":[{"name":"wp","href":"https:\/\/api.w.org\/{rel}","templated":true}]}}